{"id":3315,"date":"2026-03-29T16:14:27","date_gmt":"2026-03-29T16:14:27","guid":{"rendered":"https:\/\/nordaart.com\/?post_type=product&#038;p=3315"},"modified":"2026-03-29T16:17:39","modified_gmt":"2026-03-29T16:17:39","slug":"wabi-sabi-painting-traces-infinis","status":"publish","type":"product","link":"https:\/\/nordaart.com\/nb\/produkt\/wabi-sabi-painting-traces-infinis\/","title":{"rendered":"Wabi Sabi Painting &#8220;Trac\u00e9s Infinis\u201c"},"content":{"rendered":"<div class=\"product-info__block-item\" data-block-id=\"description\" data-block-type=\"description\">\n<div class=\"prose\">\n<div class=\"mt-1 flex gap-3 empty:hidden juice:-ml-3\">\n<div class=\"items-center justify-start rounded-xl p-1 flex\">\n<div class=\"flex items-center\">A woven map of silent dreams, \u00a0etched in lines, in quiet streams. \u00a0Shadows dance where ridges rise, \u00a0whispers held in painted sighs. \u00a0A storm of touch, yet soft and still, \u00a0a frozen pulse, a sculpted will. \u00a0In blue, it hums, a tale untold, \u00a0a maze of thoughts in depths so cold<\/div>\n<\/div>\n<\/div>\n<\/div>\n<\/div>\n<style>\n.norda-accordion details {<br \/>  border-top: 1px solid #e0e0e0;<br \/>}<br \/>.norda-accordion details:last-child {<br \/>  border-bottom: 1px solid #e0e0e0;<br \/>}<br \/>.norda-accordion summary {<br \/>  display: flex;<br \/>  align-items: center;<br \/>  justify-content: space-between;<br \/>  padding: 18px 4px;<br \/>  cursor: pointer;<br \/>  list-style: none;<br \/>  font-weight: 700;<br \/>  font-size: 13px;<br \/>  letter-spacing: 0.08em;<br \/>  text-transform: uppercase;<br \/>  color: #1a1a1a;<br \/>}<br \/>.norda-accordion summary::-webkit-details-marker { display: none; }<br \/>.norda-accordion summary .norda-acc-left {<br \/>  display: flex;<br \/>  align-items: center;<br \/>  gap: 12px;<br \/>}<br \/>.norda-accordion summary .norda-acc-icon {<br \/>  font-size: 16px;<br \/>  width: 22px;<br \/>  text-align: center;<br \/>}<br \/>.norda-accordion summary .norda-acc-toggle {<br \/>  font-size: 20px;<br \/>  font-weight: 300;<br \/>  line-height: 1;<br \/>  transition: transform 0.2s;<br \/>}<br \/>.norda-accordion details[open] summary .norda-acc-toggle {<br \/>  transform: rotate(45deg);<br \/>}<br \/>.norda-accordion .norda-acc-body {<br \/>  padding: 0 4px 18px 34px;<br \/>  color: #444;<br \/>  font-size: 14px;<br \/>  line-height: 1.7;<br \/>}<br \/>.norda-accordion .norda-acc-body p { margin: 0 0 8px; }<br \/>.norda-accordion .norda-acc-body ul { margin: 0 0 8px; padding-left: 18px; }<br \/><\/style>\n<div class=\"norda-accordion\">\n<details open=\"\">\n<summary><span class=\"norda-acc-left\"><span class=\"norda-acc-icon\">\u2708<\/span>EXPRESS FREE SHIPPING &amp; TAX-INCLUDED<\/span><span class=\"norda-acc-toggle\">+<\/span><\/summary>\n<div class=\"norda-acc-body\">\n<ul>\n<li>Order preparation time: <strong>5-7 days<\/strong> of painting time.<\/li>\n<li>Delivery time: <strong>3-5 days<\/strong> express shipping by DHL\/FedEx\/UPS\/SF Express. We offer global tax-inclusive shipping, so you won&#8217;t need to worry about any import taxes or customs duties.<\/li>\n<li>The paintings will be packed in tarps and sturdy, <strong>drop-proof wooden boxes<\/strong>. You don&#8217;t need to worry about any damage during shipping.<\/li>\n<\/ul>\n<\/div>\n<\/details>\n<details>\n<summary><span class=\"norda-acc-left\"><span class=\"norda-acc-icon\">\u2713<\/span>100% SATISFACTION GUARANTEED<\/span><span class=\"norda-acc-toggle\">+<\/span><\/summary>\n<div class=\"norda-acc-body\">\n<p>The oil paintings are created with high fidelity to the original image. We&#8217;ll keep you updated with videos and photos of the painting process. We&#8217;ll only ship the artwork once you&#8217;re 100% completely satisfied and give us the go-ahead.<\/p>\n<\/div>\n<\/details>\n<details>\n<summary><span class=\"norda-acc-left\"><span class=\"norda-acc-icon\">\ud83c\udfa8<\/span>HIGH QUALITY NON-TOXIC ODORLESS ACRYLIC PAINT<\/span><span class=\"norda-acc-toggle\">+<\/span><\/summary>\n<div class=\"norda-acc-body\">\n<ul>\n<li><strong>Material:<\/strong> Professional oil\/acrylic paints on high-quality linen canvas that won&#8217;t warp. High quality palette knife oil painting, high quality acrylic, permanent color retention, no fading, no cracking.<\/li>\n<li><strong>Mounting:<\/strong> Metal hooks are attached to the frame rods, and wall studs and all accessories are included for easy hanging.<\/li>\n<li><strong>What will you get:<\/strong> 1\u00d7100% hand-painted, 1\u00d7Framing, 1\u00d7tarpaulins, 1\u00d7wooden boxes, 2-4\u00d7sawtooth hanger (It&#8217;s already on the frame.), 2-4\u00d7expansion screw, 2-4\u00d7nuts<\/li>\n<\/ul>\n<\/div>\n<\/details>\n<details>\n<summary><span class=\"norda-acc-left\"><span class=\"norda-acc-icon\">\u21a9<\/span>30 DAYS RETURN &amp; REFUND RISK-FREE<\/span><span class=\"norda-acc-toggle\">+<\/span><\/summary>\n<div class=\"norda-acc-body\">\n<p>We always ensure you&#8217;re satisfied with your purchase. If not, you can return eligible items within 30 days for a full refund. We also offer free exchanges for damaged items. If your artwork arrives damaged, please send us a message with your order number and a photo of the damage. We&#8217;ll handle the courier company and send out a replacement within a few days. Simply contact support@nordaart.com, our support team is 24\/7 available.<\/p>\n<\/div>\n<\/details>\n<details>\n<summary><span class=\"norda-acc-left\"><span class=\"norda-acc-icon\">\u270f<\/span>CUSTOMIZATION AVAILABLE<\/span><span class=\"norda-acc-toggle\">+<\/span><\/summary>\n<div class=\"norda-acc-body\">\n<p>We support custom sizes and photo reproduction services, as well as floating frames. For custom painting requests, please contact us via email at contact@nordaart.com or through WhatsApp. We will provide you with a quote within 24 hours and respond to you promptly.<\/p>\n<\/div>\n<\/details>\n<\/div>\n","protected":false},"excerpt":{"rendered":"<p>A woven map of silent dreams, \u00a0etched in lines, in quiet streams. \u00a0Shadows dance where ridges rise, \u00a0whispers held in painted sighs. \u00a0A storm of touch, yet soft and still, \u00a0a frozen pulse, a sculpted will. \u00a0In blue, it hums, a tale untold, \u00a0a maze of thoughts in depths so cold \u2708EXPRESS FREE SHIPPING &amp; [&hellip;]<\/p>\n","protected":false},"featured_media":3407,"comment_status":"open","ping_status":"closed","template":"","meta":[],"product_brand":[],"product_cat":[87,53,37],"product_tag":[],"class_list":{"0":"post-3315","1":"product","2":"type-product","3":"status-publish","4":"has-post-thumbnail","6":"product_cat-best-selling","7":"product_cat-people","8":"product_cat-wabi-sabi-wall-art","10":"first","11":"instock","12":"shipping-taxable","13":"purchasable","14":"product-type-variable"},"_links":{"self":[{"href":"https:\/\/nordaart.com\/nb\/wp-json\/wp\/v2\/product\/3315","targetHints":{"allow":["GET"]}}],"collection":[{"href":"https:\/\/nordaart.com\/nb\/wp-json\/wp\/v2\/product"}],"about":[{"href":"https:\/\/nordaart.com\/nb\/wp-json\/wp\/v2\/types\/product"}],"replies":[{"embeddable":true,"href":"https:\/\/nordaart.com\/nb\/wp-json\/wp\/v2\/comments?post=3315"}],"wp:featuredmedia":[{"embeddable":true,"href":"https:\/\/nordaart.com\/nb\/wp-json\/wp\/v2\/media\/3407"}],"wp:attachment":[{"href":"https:\/\/nordaart.com\/nb\/wp-json\/wp\/v2\/media?parent=3315"}],"wp:term":[{"taxonomy":"product_brand","embeddable":true,"href":"https:\/\/nordaart.com\/nb\/wp-json\/wp\/v2\/product_brand?post=3315"},{"taxonomy":"product_cat","embeddable":true,"href":"https:\/\/nordaart.com\/nb\/wp-json\/wp\/v2\/product_cat?post=3315"},{"taxonomy":"product_tag","embeddable":true,"href":"https:\/\/nordaart.com\/nb\/wp-json\/wp\/v2\/product_tag?post=3315"}],"curies":[{"name":"wp","href":"https:\/\/api.w.org\/{rel}","templated":true}]}}